{"id":1583,"date":"2023-01-27T10:42:53","date_gmt":"2023-01-27T10:42:53","guid":{"rendered":"https:\/\/crosskolan.haningemotorklubb.se\/?page_id=1583"},"modified":"2025-03-03T09:11:12","modified_gmt":"2025-03-03T08:11:12","slug":"vanliga-fragor","status":"publish","type":"page","link":"https:\/\/crosskolan.haningemotorklubb.se\/index.php\/vanliga-fragor\/","title":{"rendered":"Vanliga fr\u00e5gor"},"content":{"rendered":"\t\t<div data-elementor-type=\"wp-page\" data-elementor-id=\"1583\" class=\"elementor elementor-1583\">\n\t\t\t\t\t\t<section class=\"elementor-section elementor-top-section elementor-element elementor-element-008b9f9 elementor-section-boxed elementor-section-height-default elementor-section-height-default\" data-id=\"008b9f9\" data-element_type=\"section\" data-e-type=\"section\">\n\t\t\t\t\t\t<div class=\"elementor-container elementor-column-gap-default\">\n\t\t\t\t\t<div class=\"elementor-column elementor-col-100 elementor-top-column elementor-element elementor-element-b76061c\" data-id=\"b76061c\" data-element_type=\"column\" data-e-type=\"column\">\n\t\t\t<div class=\"elementor-widget-wrap elementor-element-populated\">\n\t\t\t\t\t\t<div class=\"elementor-element elementor-element-78594b9 elementor-widget elementor-widget-text-editor\" data-id=\"78594b9\" data-element_type=\"widget\" data-e-type=\"widget\" data-widget_type=\"text-editor.default\">\n\t\t\t\t<div class=\"elementor-widget-container\">\n\t\t\t\t\t\t\t\t\t<ul><li><p><strong>Fr\u00e5ga-<\/strong><em>F\u00f6rs\u00e4kringsreglerna\/licenserna har \u00e4ndrats 2016, var hittar jag mer information?<\/em> <strong>Svar-<\/strong>\u00a0<span style=\"background-color: var(--ast-global-color-5); font-size: 1rem; color: #333333; font-family: 'Open Sans', sans-serif;\">Hos Svemo.\u00a0<\/span><\/p><p><a style=\"font-size: 1rem; display: inline-block; font-family: 'Open Sans', sans-serif;\" href=\"https:\/\/www.svemo.se\/\">L\u00e4nk till Svemo<\/a><\/p><\/li><li><p><span style=\"color: #333333; font-family: 'Open Sans', sans-serif;\"><strong>Fr\u00e5ga-<\/strong><\/span><em><span style=\"color: #333333; font-family: 'Open Sans', sans-serif;\">Hur gammal ska man vara f\u00f6r att kunna delta i Motocross skolan? <\/span><\/em><span style=\"color: #333333; font-family: 'Open Sans', sans-serif;\"><strong>Svar- <\/strong><\/span><span style=\"color: #333333; font-family: 'Open Sans', sans-serif; background-color: var(--ast-global-color-5); font-size: 1rem;\">Den yngsta \u00e5ldern brukar vara 5 \u00e5r men det har helt med barnets utveckling att g\u00f6ra. Grundregel att man kan cykla utan st\u00f6dhjul samt med f\u00f6r\u00e4lder l\u00e4rt sig hur gas och broms fungerar.<\/span><\/p><\/li><li><span style=\"color: #333333; font-family: 'Open Sans', sans-serif;\"><strong>Fr\u00e5ga- <\/strong><em>M\u00e5ste man ha egen motorcykel och personlig utrustning?<\/em> Svar- <\/span><strong style=\"background-color: var(--ast-global-color-5); font-size: 1rem; color: #333333; font-family: 'Open Sans', sans-serif;\">Ja<\/strong><span style=\"background-color: var(--ast-global-color-5); font-size: 1rem; color: #333333; font-family: 'Open Sans', sans-serif;\">\u00a0<\/span><span style=\"color: #333333; font-family: 'Open Sans', sans-serif; background-color: var(--ast-global-color-5); font-size: 1rem;\"><br \/><\/span><\/li><\/ul>\t\t\t\t\t\t\t\t<\/div>\n\t\t\t\t<\/div>\n\t\t\t\t\t<\/div>\n\t\t<\/div>\n\t\t\t\t\t<\/div>\n\t\t<\/section>\n\t\t\t\t<\/div>\n\t\t","protected":false},"excerpt":{"rendered":"<p>Fr\u00e5ga-F\u00f6rs\u00e4kringsreglerna\/licenserna har \u00e4ndrats 2016, var hittar jag mer information? Svar-\u00a0Hos Svemo.\u00a0 L\u00e4nk till Svemo Fr\u00e5ga-Hur gammal ska man vara f\u00f6r att kunna delta i Motocross skolan? Svar- Den yngsta \u00e5ldern brukar vara 5 \u00e5r men det har helt med barnets utveckling att g\u00f6ra. Grundregel att man kan cykla utan st\u00f6dhjul samt med f\u00f6r\u00e4lder l\u00e4rt sig [&hellip;]<\/p>\n","protected":false},"author":1,"featured_media":0,"parent":0,"menu_order":0,"comment_status":"closed","ping_status":"closed","template":"","meta":{"site-sidebar-layout":"no-sidebar","site-content-layout":"page-builder","ast-site-content-layout":"default","site-content-style":"default","site-sidebar-style":"default","ast-global-header-display":"","ast-banner-title-visibility":"","ast-main-header-display":"","ast-hfb-above-header-display":"","ast-hfb-below-header-display":"","ast-hfb-mobile-header-display":"","site-post-title":"disabled","ast-breadcrumbs-content":"","ast-featured-img":"disabled","footer-sml-layout":"","ast-disable-related-posts":"","theme-transparent-header-meta":"default","adv-header-id-meta":"","stick-header-meta":"","header-above-stick-meta":"","header-main-stick-meta":"","header-below-stick-meta":"","astra-migrate-meta-layouts":"default","ast-page-background-enabled":"default","ast-page-background-meta":{"desktop":{"background-color":"var(--ast-global-color-4)","background-image":"","background-repeat":"repeat","background-position":"center center","background-size":"auto","background-attachment":"scroll","background-type":"","background-media":"","overlay-type":"","overlay-color":"","overlay-opacity":"","overlay-gradient":""},"tablet":{"background-color":"","background-image":"","background-repeat":"repeat","background-position":"center center","background-size":"auto","background-attachment":"scroll","background-type":"","background-media":"","overlay-type":"","overlay-color":"","overlay-opacity":"","overlay-gradient":""},"mobile":{"background-color":"","background-image":"","background-repeat":"repeat","background-position":"center center","background-size":"auto","background-attachment":"scroll","background-type":"","background-media":"","overlay-type":"","overlay-color":"","overlay-opacity":"","overlay-gradient":""}},"ast-content-background-meta":{"desktop":{"background-color":"var(--ast-global-color-5)","background-image":"","background-repeat":"repeat","background-position":"center center","background-size":"auto","background-attachment":"scroll","background-type":"","background-media":"","overlay-type":"","overlay-color":"","overlay-opacity":"","overlay-gradient":""},"tablet":{"background-color":"var(--ast-global-color-5)","background-image":"","background-repeat":"repeat","background-position":"center center","background-size":"auto","background-attachment":"scroll","background-type":"","background-media":"","overlay-type":"","overlay-color":"","overlay-opacity":"","overlay-gradient":""},"mobile":{"background-color":"var(--ast-global-color-5)","background-image":"","background-repeat":"repeat","background-position":"center center","background-size":"auto","background-attachment":"scroll","background-type":"","background-media":"","overlay-type":"","overlay-color":"","overlay-opacity":"","overlay-gradient":""}},"footnotes":""},"class_list":["post-1583","page","type-page","status-publish","hentry"],"jetpack_sharing_enabled":true,"_links":{"self":[{"href":"https:\/\/crosskolan.haningemotorklubb.se\/index.php\/wp-json\/wp\/v2\/pages\/1583","targetHints":{"allow":["GET"]}}],"collection":[{"href":"https:\/\/crosskolan.haningemotorklubb.se\/index.php\/wp-json\/wp\/v2\/pages"}],"about":[{"href":"https:\/\/crosskolan.haningemotorklubb.se\/index.php\/wp-json\/wp\/v2\/types\/page"}],"author":[{"embeddable":true,"href":"https:\/\/crosskolan.haningemotorklubb.se\/index.php\/wp-json\/wp\/v2\/users\/1"}],"replies":[{"embeddable":true,"href":"https:\/\/crosskolan.haningemotorklubb.se\/index.php\/wp-json\/wp\/v2\/comments?post=1583"}],"version-history":[{"count":7,"href":"https:\/\/crosskolan.haningemotorklubb.se\/index.php\/wp-json\/wp\/v2\/pages\/1583\/revisions"}],"predecessor-version":[{"id":2526,"href":"https:\/\/crosskolan.haningemotorklubb.se\/index.php\/wp-json\/wp\/v2\/pages\/1583\/revisions\/2526"}],"wp:attachment":[{"href":"https:\/\/crosskolan.haningemotorklubb.se\/index.php\/wp-json\/wp\/v2\/media?parent=1583"}],"curies":[{"name":"wp","href":"https:\/\/api.w.org\/{rel}","templated":true}]}}